{"id":10,"date":"2025-03-31T11:10:41","date_gmt":"2025-03-31T09:10:41","guid":{"rendered":"https:\/\/grupab.pl\/?page_id=10"},"modified":"2025-03-31T11:34:18","modified_gmt":"2025-03-31T09:34:18","slug":"maintenance-page","status":"publish","type":"page","link":"https:\/\/grupab.pl\/","title":{"rendered":"Maintenance Page"},"content":{"rendered":"\n<div id=\"wp-block-themeisle-blocks-advanced-columns-bf315cc5\" class=\"wp-block-themeisle-blocks-advanced-columns alignfull has-1-columns has-desktop-equal-layout has-tablet-equal-layout has-mobile-equal-layout has-vertical-center has-dark-bg\"><div class=\"wp-block-themeisle-blocks-advanced-columns-overlay\"><\/div><div class=\"innerblocks-wrap\">\n<div id=\"wp-block-themeisle-blocks-advanced-column-7b61437b\" class=\"wp-block-themeisle-blocks-advanced-column\">\n<div class=\"wp-block-group has-white-color has-text-color is-layout-flow wp-block-group-is-layout-flow\">\n<h1 id=\"wp-block-themeisle-blocks-advanced-heading-81277ea5\" class=\"wp-block-themeisle-blocks-advanced-heading wp-block-themeisle-blocks-advanced-heading-81277ea5\">To tylko chwila \u2013 za moment wracamy online.<\/h1>\n\n\n\n<div style=\"height:11px\" aria-hidden=\"true\" class=\"wp-block-spacer\"><\/div>\n\n\n\n<p><\/p>\n\n\n\n<p id=\"wp-block-themeisle-blocks-advanced-heading-a458b450\" class=\"wp-block-themeisle-blocks-advanced-heading wp-block-themeisle-blocks-advanced-heading-a458b450\">\u0141\u0105czymy media, wydarzenia i technologi\u0119, by skutecznie opowiada\u0107 historie i precyzyjnie trafia\u0107 z przekazem.<br><\/p>\n\n\n\n<p class=\"has-text-align-center\">Jeste\u015bmy wydawc\u0105 regionalnych portali informacyjnych i publicystycznych, kt\u00f3re ka\u017cdego dnia docieraj\u0105 do tysi\u0119cy mieszka\u0144c\u00f3w Dolnego \u015al\u0105ska.<\/p>\n\n\n\n<p class=\"has-text-align-center\">Organizujemy wydarzenia spo\u0142eczne i gospodarcze \u2013 m.in. <strong>Dolno\u015bl\u0105skie Forum Gospodarcze<\/strong>, kt\u00f3re sta\u0142o si\u0119 jednym z wa\u017cniejszych punkt\u00f3w na mapie debat o rozwoju regionu.<br><br>Tworzymy reporta\u017ce, wideo promocyjne oraz filmy dokumentalne, opowiadaj\u0105c historie ludzi, miejsc i idei.<br><br>Zajmujemy si\u0119 r\u00f3wnie\u017c nowoczesn\u0105 promocj\u0105 i kampaniami reklamowymi, kt\u00f3re nie tylko przyci\u0105gaj\u0105 uwag\u0119, ale przede wszystkim trafiaj\u0105 dok\u0142adnie tam, gdzie powinny.<\/p>\n\n\n\n<p class=\"has-text-align-center\">Dzi\u0119ki wykorzystaniu danych i inteligentnych algorytm\u00f3w, kierujemy tre\u015bci do konkretnych grup odbiorc\u00f3w \u2013 efektywnie, precyzyjnie i z realnym wp\u0142ywem.<br><\/p>\n\n\n\n<p class=\"has-text-align-center\">Wkr\u00f3tce wi\u0119cej. <strong>Zapraszamy po 03.04.2025 na now\u0105 stron\u0119.<\/strong><\/p>\n\n\n\n<p class=\"has-text-align-center\">Je\u015bli masz pytania pisz lub dzwo\u0144 na: kontakt@grupab.pl | +48 570 120 744<\/p>\n\n\n\n<div style=\"height:40px\" aria-hidden=\"true\" class=\"wp-block-spacer\"><\/div>\n<\/div>\n<\/div>\n<\/div><\/div>\n","protected":false},"excerpt":{"rendered":"","protected":false},"author":1,"featured_media":0,"parent":0,"menu_order":0,"comment_status":"closed","ping_status":"closed","template":"templates\/wpmm-page-template.php","meta":{"_themeisle_gutenberg_block_has_review":false,"footnotes":""},"class_list":["post-10","page","type-page","status-publish","hentry"],"_links":{"self":[{"href":"https:\/\/grupab.pl\/index.php?rest_route=\/wp\/v2\/pages\/10","targetHints":{"allow":["GET"]}}],"collection":[{"href":"https:\/\/grupab.pl\/index.php?rest_route=\/wp\/v2\/pages"}],"about":[{"href":"https:\/\/grupab.pl\/index.php?rest_route=\/wp\/v2\/types\/page"}],"author":[{"embeddable":true,"href":"https:\/\/grupab.pl\/index.php?rest_route=\/wp\/v2\/users\/1"}],"replies":[{"embeddable":true,"href":"https:\/\/grupab.pl\/index.php?rest_route=%2Fwp%2Fv2%2Fcomments&post=10"}],"version-history":[{"count":8,"href":"https:\/\/grupab.pl\/index.php?rest_route=\/wp\/v2\/pages\/10\/revisions"}],"predecessor-version":[{"id":21,"href":"https:\/\/grupab.pl\/index.php?rest_route=\/wp\/v2\/pages\/10\/revisions\/21"}],"wp:attachment":[{"href":"https:\/\/grupab.pl\/index.php?rest_route=%2Fwp%2Fv2%2Fmedia&parent=10"}],"curies":[{"name":"wp","href":"https:\/\/api.w.org\/{rel}","templated":true}]}}